{"id":180,"date":"2024-04-07T16:04:37","date_gmt":"2024-04-07T14:04:37","guid":{"rendered":"https:\/\/www.ferienwohnung-jurastein.de\/?page_id=180"},"modified":"2025-03-06T20:29:33","modified_gmt":"2025-03-06T19:29:33","slug":"preis","status":"publish","type":"page","link":"https:\/\/www.ferienwohnung-jurastein.de\/index.php\/preis\/","title":{"rendered":"\u00dcbernachtungskosten"},"content":{"rendered":"\t\t<div data-elementor-type=\"wp-page\" data-elementor-id=\"180\" class=\"elementor elementor-180\">\n\t\t\t\t<div class=\"elementor-element elementor-element-695d8a27 e-flex e-con-boxed e-con e-parent\" data-id=\"695d8a27\" data-element_type=\"container\" data-core-v316-plus=\"true\">\n\t\t\t\t\t<div class=\"e-con-inner\">\n\t\t\t\t<div class=\"elementor-element elementor-element-3d1ab289 elementor-widget elementor-widget-text-editor\" data-id=\"3d1ab289\" data-element_type=\"widget\" data-widget_type=\"text-editor.default\">\n\t\t\t\t<div class=\"elementor-widget-container\">\n\t\t\t<style>\/*! elementor - v3.20.0 - 10-04-2024 *\/\n.elementor-widget-text-editor.elementor-drop-cap-view-stacked .elementor-drop-cap{background-color:#69727d;color:#fff}.elementor-widget-text-editor.elementor-drop-cap-view-framed .elementor-drop-cap{color:#69727d;border:3px solid;background-color:transparent}.elementor-widget-text-editor:not(.elementor-drop-cap-view-default) .elementor-drop-cap{margin-top:8px}.elementor-widget-text-editor:not(.elementor-drop-cap-view-default) .elementor-drop-cap-letter{width:1em;height:1em}.elementor-widget-text-editor .elementor-drop-cap{float:left;text-align:center;line-height:1;font-size:50px}.elementor-widget-text-editor .elementor-drop-cap-letter{display:inline-block}<\/style>\t\t\t\t<h2 class=\"wp-block-heading has-text-align-center has-text-color has-link-color has-large-font-size\" style=\"color: #cf6f4c; font-style: normal; font-weight: bold;\">\u00a0<\/h2>\n<p><!-- \/wp:heading --><!-- wp:spacer {\"height\":\"62px\"} --><\/p>\n<p><!-- \/wp:spacer --><!-- wp:table {\"style\":{\"elements\":{\"link\":{\"color\":{\"text\":\"var:preset|color|black\"}}},\"typography\":{\"fontStyle\":\"normal\",\"fontWeight\":\"600\",\"textTransform\":\"none\"},\"color\":{\"background\":\"#cf6f4c\"}},\"textColor\":\"black\",\"className\":\"is-style-stripes\",\"fontSize\":\"medium\"} --><\/p>\n<figure class=\"wp-block-table is-style-stripes has-medium-font-size\" style=\"font-style: normal; font-weight: 600; text-transform: none;\">\n<table class=\"has-black-color has-text-color has-background has-link-color\" style=\"background-color: #cf6f4c;\">\n<tbody>\n<tr>\n<td class=\"has-text-align-left\" data-align=\"left\"><mark class=\"has-inline-color has-black-color\" style=\"background-color: rgba(0, 0, 0, 0);\">Person\/Nacht, 1 Erwachsener<\/mark><\/td>\n<td class=\"has-text-align-right\" data-align=\"right\">70\u20ac<\/td>\n<\/tr>\n<tr>\n<td class=\"has-text-align-left\" data-align=\"left\">Jede weitere Person\/Nacht<\/td>\n<td class=\"has-text-align-right\" data-align=\"right\">20\u20ac<\/td>\n<\/tr>\n<tr>\n<td class=\"has-text-align-left\" data-align=\"left\">Kinder unter 13 Jahren\/Nacht<\/td>\n<td class=\"has-text-align-right\" data-align=\"right\">10\u20ac<\/td>\n<\/tr>\n<\/tbody>\n<\/table>\n<\/figure>\n<p><!-- \/wp:table --><!-- wp:spacer --><\/p>\n<div class=\"wp-block-spacer\" style=\"height: 100px;\" aria-hidden=\"true\">\n<h3 class=\"tp-box-headline tp-headline-secondary\" style=\"text-align: center;\"><span style=\"color: #cc4c0c;\">Konditionen\/Extras<\/span><\/h3>\n<p>Eine Anzahlung in H\u00f6he von 20% wird mit der Buchung f\u00e4llig. Den Restbetrag bezahlen Sie bitte per \u00dcberweisung sp\u00e4testens 14 Tage vor Anreise. Bei kurzfristigen Buchungen muss der Gesamtbetrag anbezahlt werden. Stornierungen bis 14 Tage vor Anreise sind kostenfrei. Stornierungen zwischen 14-7 Tagen vor der Anreise werden mit 50% der Gesamtkosten berechnet, Stornierungen in den 7 Tagen vor der Anreise werden mit 100% der Gesamtkosten berechnet.<\/p>\n<p>\u00a0<\/p>\n<\/div>\n<div aria-hidden=\"true\">\u00a0<\/div>\n<div aria-hidden=\"true\">\u00a0<\/div>\n<div aria-hidden=\"true\">\u00a0<\/div>\n<div aria-hidden=\"true\">\u00a0<\/div>\n<div aria-hidden=\"true\">\u00a0<\/div>\n<p><!-- \/wp:spacer --><!-- wp:buttons {\"align\":\"wide\",\"layout\":{\"type\":\"flex\",\"justifyContent\":\"center\"}} --><\/p>\n<div class=\"wp-block-buttons alignwide\">\n<p><!-- wp:button {\"textAlign\":\"center\",\"textColor\":\"black\",\"style\":{\"elements\":{\"link\":{\"color\":{\"text\":\"var:preset|color|black\"}}},\"color\":{\"background\":\"#cf6f4c\"}}} --><\/p>\n<div class=\"wp-block-button\" style=\"text-align: center;\"><a class=\"wp-block-button__link has-black-color has-text-color has-background has-link-color has-text-align-center wp-element-button\" style=\"background-color: #cf6f4c;\" href=\"https:\/\/www.ferienwohnung-jurastein.de\/index.php\/142-2\/\">Unverbindlich anfragen<\/a><\/div>\n<p><!-- \/wp:button --><\/p>\n<\/div>\n<p><!-- \/wp:buttons --><\/p>\t\t\t\t\t\t<\/div>\n\t\t\t\t<\/div>\n\t\t\t\t\t<\/div>\n\t\t\t\t<\/div>\n\t\t<div class=\"elementor-element elementor-element-44644a6 e-flex e-con-boxed e-con e-parent\" data-id=\"44644a6\" data-element_type=\"container\" data-core-v316-plus=\"true\">\n\t\t\t\t\t<div class=\"e-con-inner\">\n\t\t\t\t<div class=\"elementor-element elementor-element-b2d4abd elementor-widget elementor-widget-text-editor\" data-id=\"b2d4abd\" data-element_type=\"widget\" data-widget_type=\"text-editor.default\">\n\t\t\t\t<div class=\"elementor-widget-container\">\n\t\t\t\t\t\t\t\t\t\t\t\t\t<\/div>\n\t\t\t\t<\/div>\n\t\t\t\t<div class=\"elementor-element elementor-element-48d7d77 elementor-widget elementor-widget-spacer\" data-id=\"48d7d77\" data-element_type=\"widget\" data-widget_type=\"spacer.default\">\n\t\t\t\t<div class=\"elementor-widget-container\">\n\t\t\t<style>\/*! elementor - v3.20.0 - 10-04-2024 *\/\n.elementor-column .elementor-spacer-inner{height:var(--spacer-size)}.e-con{--container-widget-width:100%}.e-con-inner>.elementor-widget-spacer,.e-con>.elementor-widget-spacer{width:var(--container-widget-width,var(--spacer-size));--align-self:var(--container-widget-align-self,initial);--flex-shrink:0}.e-con-inner>.elementor-widget-spacer>.elementor-widget-container,.e-con>.elementor-widget-spacer>.elementor-widget-container{height:100%;width:100%}.e-con-inner>.elementor-widget-spacer>.elementor-widget-container>.elementor-spacer,.e-con>.elementor-widget-spacer>.elementor-widget-container>.elementor-spacer{height:100%}.e-con-inner>.elementor-widget-spacer>.elementor-widget-container>.elementor-spacer>.elementor-spacer-inner,.e-con>.elementor-widget-spacer>.elementor-widget-container>.elementor-spacer>.elementor-spacer-inner{height:var(--container-widget-height,var(--spacer-size))}.e-con-inner>.elementor-widget-spacer.elementor-widget-empty,.e-con>.elementor-widget-spacer.elementor-widget-empty{position:relative;min-height:22px;min-width:22px}.e-con-inner>.elementor-widget-spacer.elementor-widget-empty .elementor-widget-empty-icon,.e-con>.elementor-widget-spacer.elementor-widget-empty .elementor-widget-empty-icon{position:absolute;top:0;bottom:0;left:0;right:0;margin:auto;padding:0;width:22px;height:22px}<\/style>\t\t<div class=\"elementor-spacer\">\n\t\t\t<div class=\"elementor-spacer-inner\"><\/div>\n\t\t<\/div>\n\t\t\t\t<\/div>\n\t\t\t\t<\/div>\n\t\t\t\t\t<\/div>\n\t\t\t\t<\/div>\n\t\t<div class=\"elementor-element elementor-element-f98e681 e-flex e-con-boxed e-con e-parent\" data-id=\"f98e681\" data-element_type=\"container\" data-core-v316-plus=\"true\">\n\t\t\t\t\t<div class=\"e-con-inner\">\n\t\t<div class=\"elementor-element elementor-element-dda7deb e-con-full e-flex e-con e-child\" data-id=\"dda7deb\" data-element_type=\"container\">\n\t\t\t\t<\/div>\n\t\t<div class=\"elementor-element elementor-element-7a83e0b e-con-full e-flex e-con e-child\" data-id=\"7a83e0b\" data-element_type=\"container\">\n\t\t\t\t<\/div>\n\t\t\t\t\t<\/div>\n\t\t\t\t<\/div>\n\t\t\t\t<\/div>\n\t\t","protected":false},"excerpt":{"rendered":"<p>\u00a0 Person\/Nacht, 1 Erwachsener 70\u20ac Jede weitere Person\/Nacht 20\u20ac Kinder unter 13 Jahren\/Nacht 10\u20ac Konditionen\/Extras Eine Anzahlung in H\u00f6he von 20% wird mit der Buchung f\u00e4llig. Den Restbetrag bezahlen Sie bitte per \u00dcberweisung sp\u00e4testens 14 Tage vor Anreise. Bei kurzfristigen Buchungen muss der Gesamtbetrag anbezahlt werden. Stornierungen bis 14 Tage vor Anreise sind kostenfrei. Stornierungen &hellip; <a href=\"https:\/\/www.ferienwohnung-jurastein.de\/index.php\/preis\/\" class=\"more-link\"><span class=\"screen-reader-text\">\u00dcbernachtungskosten<\/span> weiterlesen<\/a><\/p>\n","protected":false},"author":1,"featured_media":0,"parent":0,"menu_order":0,"comment_status":"closed","ping_status":"closed","template":"","meta":{"_regular_price":[],"currency_symbol":[],"footnotes":""},"class_list":["post-180","page","type-page","status-publish","hentry"],"post_slider_layout_featured_media_urls":{"thumbnail":"","post_slider_layout_landscape_large":"","post_slider_layout_portrait_large":"","post_slider_layout_square_large":"","post_slider_layout_landscape":"","post_slider_layout_portrait":"","post_slider_layout_square":"","full":""},"jetpack_sharing_enabled":true,"_links":{"self":[{"href":"https:\/\/www.ferienwohnung-jurastein.de\/index.php\/wp-json\/wp\/v2\/pages\/180","targetHints":{"allow":["GET"]}}],"collection":[{"href":"https:\/\/www.ferienwohnung-jurastein.de\/index.php\/wp-json\/wp\/v2\/pages"}],"about":[{"href":"https:\/\/www.ferienwohnung-jurastein.de\/index.php\/wp-json\/wp\/v2\/types\/page"}],"author":[{"embeddable":true,"href":"https:\/\/www.ferienwohnung-jurastein.de\/index.php\/wp-json\/wp\/v2\/users\/1"}],"replies":[{"embeddable":true,"href":"https:\/\/www.ferienwohnung-jurastein.de\/index.php\/wp-json\/wp\/v2\/comments?post=180"}],"version-history":[{"count":25,"href":"https:\/\/www.ferienwohnung-jurastein.de\/index.php\/wp-json\/wp\/v2\/pages\/180\/revisions"}],"predecessor-version":[{"id":435,"href":"https:\/\/www.ferienwohnung-jurastein.de\/index.php\/wp-json\/wp\/v2\/pages\/180\/revisions\/435"}],"wp:attachment":[{"href":"https:\/\/www.ferienwohnung-jurastein.de\/index.php\/wp-json\/wp\/v2\/media?parent=180"}],"curies":[{"name":"wp","href":"https:\/\/api.w.org\/{rel}","templated":true}]}}